{"id":412,"date":"2013-06-02T18:59:05","date_gmt":"2013-06-02T16:59:05","guid":{"rendered":"http:\/\/ragdoll-siona.de\/?page_id=412"},"modified":"2020-01-28T22:37:55","modified_gmt":"2020-01-28T21:37:55","slug":"naadir","status":"publish","type":"page","link":"http:\/\/ragdoll-siona.de\/?page_id=412","title":{"rendered":"Naadir"},"content":{"rendered":"<p style=\"text-align: center;\"><a href=\"http:\/\/ragdoll-siona.de\/wp-content\/uploads\/2020\/01\/naadir-30.jpg\"><img loading=\"lazy\" decoding=\"async\" class=\"alignnone size-full wp-image-1289\" src=\"http:\/\/ragdoll-siona.de\/wp-content\/uploads\/2020\/01\/naadir-30.jpg\" alt=\"\" width=\"900\" height=\"600\" srcset=\"http:\/\/ragdoll-siona.de\/wp-content\/uploads\/2020\/01\/naadir-30.jpg 900w, http:\/\/ragdoll-siona.de\/wp-content\/uploads\/2020\/01\/naadir-30-300x200.jpg 300w, http:\/\/ragdoll-siona.de\/wp-content\/uploads\/2020\/01\/naadir-30-768x512.jpg 768w, http:\/\/ragdoll-siona.de\/wp-content\/uploads\/2020\/01\/naadir-30-624x416.jpg 624w\" sizes=\"auto, (max-width: 900px) 100vw, 900px\" \/><\/a><\/p>\n<p style=\"text-align: center;\"><span style=\"color: #888888;\">\u00a0<a href=\"http:\/\/ragdoll-siona.de\/wp-content\/uploads\/2013\/02\/blau-n-ragdoll.gif\"><span style=\"color: #888888;\"><img loading=\"lazy\" decoding=\"async\" class=\"alignnone size-full wp-image-118\" src=\"http:\/\/ragdoll-siona.de\/wp-content\/uploads\/2013\/02\/blau-n-ragdoll.gif\" alt=\"blau-n-ragdoll\" width=\"43\" height=\"50\" \/><\/span><\/a><a href=\"http:\/\/ragdoll-siona.de\/wp-content\/uploads\/2013\/02\/blau-a-ragdoll.gif\"><span style=\"color: #888888;\"><img loading=\"lazy\" decoding=\"async\" class=\"alignnone size-full wp-image-101\" src=\"http:\/\/ragdoll-siona.de\/wp-content\/uploads\/2013\/02\/blau-a-ragdoll.gif\" alt=\"blau-a-ragdoll\" width=\"43\" height=\"50\" \/><\/span><\/a><a href=\"http:\/\/ragdoll-siona.de\/wp-content\/uploads\/2013\/02\/blau-a-ragdoll.gif\"><span style=\"color: #888888;\"><img loading=\"lazy\" decoding=\"async\" class=\"alignnone size-full wp-image-101\" src=\"http:\/\/ragdoll-siona.de\/wp-content\/uploads\/2013\/02\/blau-a-ragdoll.gif\" alt=\"blau-a-ragdoll\" width=\"43\" height=\"50\" \/><\/span><\/a><a href=\"http:\/\/ragdoll-siona.de\/wp-content\/uploads\/2013\/02\/blau-d-ragdoll.gif\"><span style=\"color: #888888;\"><img loading=\"lazy\" decoding=\"async\" class=\"alignnone size-full wp-image-119\" src=\"http:\/\/ragdoll-siona.de\/wp-content\/uploads\/2013\/02\/blau-d-ragdoll.gif\" alt=\"blau-d-ragdoll\" width=\"43\" height=\"50\" \/><\/span><\/a><a href=\"http:\/\/ragdoll-siona.de\/wp-content\/uploads\/2013\/02\/blau-i-ragdoll.gif\"><span style=\"color: #888888;\"><img loading=\"lazy\" decoding=\"async\" class=\"alignnone size-full wp-image-105\" src=\"http:\/\/ragdoll-siona.de\/wp-content\/uploads\/2013\/02\/blau-i-ragdoll.gif\" alt=\"blau-i-ragdoll\" width=\"43\" height=\"50\" \/><\/span><\/a><a href=\"http:\/\/ragdoll-siona.de\/wp-content\/uploads\/2013\/02\/blau-r-ragdoll.gif\"><span style=\"color: #888888;\"><img loading=\"lazy\" decoding=\"async\" class=\"alignnone size-full wp-image-137\" src=\"http:\/\/ragdoll-siona.de\/wp-content\/uploads\/2013\/02\/blau-r-ragdoll.gif\" alt=\"blau-r-ragdoll\" width=\"43\" height=\"50\" \/><\/span><\/a><\/span><\/p>\n<p style=\"text-align: center;\">vom Paradiesquell<\/p>\n<p style=\"text-align: center;\">geb. am 14.02.2013<\/p>\n<p style=\"text-align: center;\">blue-bicolour (true)<\/p>\n<p style=\"text-align: center;\">Bei der ersten Ver\u00f6ffentlichung vom Wurf war ich schockiert, da stand doch tats\u00e4chlich neben seinem Namen &#8218;reserviert&#8216;, konnte doch gar nicht sein, denn er war doch f\u00fcr mich bestimmt!<br \/>\nWie recht ich mit dieser Aussage hatte &#8230;. ;-)<\/p>\n<p style=\"text-align: center;\">Wir sind froh, dass sich die Gegebenheiten ge\u00e4ndert haben und nun bereichert er unser Haus.<\/p>\n<p style=\"text-align: center;\">Mittlerweile ist er ein Riese mit Piepsstimme :-D, eine wirklich imposante Erscheinung. Er ist sehr sanft und schmust unglaublich gerne. Sein Spitzname ist Flokati &#8211; sein Fell explodiert regelrecht in jedem Winter.<\/p>\n\n\t\t<style type=\"text\/css\">\n\t\t\t#gallery-1 {\n\t\t\t\tmargin: auto;\n\t\t\t}\n\t\t\t#gallery-1 .gallery-item {\n\t\t\t\tfloat: left;\n\t\t\t\tmargin-top: 10px;\n\t\t\t\ttext-align: center;\n\t\t\t\twidth: 25%;\n\t\t\t}\n\t\t\t#gallery-1 img {\n\t\t\t\tborder: 2px solid #cfcfcf;\n\t\t\t}\n\t\t\t#gallery-1 .gallery-caption {\n\t\t\t\tmargin-left: 0;\n\t\t\t}\n\t\t\t\/* see gallery_shortcode() in wp-includes\/media.php *\/\n\t\t<\/style>\n\t\t<div id='gallery-1' class='gallery galleryid-412 gallery-columns-4 gallery-size-thumbnail'><dl class='gallery-item'>\n\t\t\t<dt class='gallery-icon landscape'>\n\t\t\t\t<a href='http:\/\/ragdoll-siona.de\/?attachment_id=453'><img loading=\"lazy\" decoding=\"async\" width=\"150\" height=\"150\" src=\"http:\/\/ragdoll-siona.de\/wp-content\/uploads\/2013\/06\/naadir-7-150x150.jpg\" class=\"attachment-thumbnail size-thumbnail\" alt=\"\" srcset=\"http:\/\/ragdoll-siona.de\/wp-content\/uploads\/2013\/06\/naadir-7-150x150.jpg 150w, http:\/\/ragdoll-siona.de\/wp-content\/uploads\/2013\/06\/naadir-7-432x432.jpg 432w, http:\/\/ragdoll-siona.de\/wp-content\/uploads\/2013\/06\/naadir-7-268x268.jpg 268w\" sizes=\"auto, (max-width: 150px) 100vw, 150px\" \/><\/a>\n\t\t\t<\/dt><\/dl><dl class='gallery-item'>\n\t\t\t<dt class='gallery-icon landscape'>\n\t\t\t\t<a href='http:\/\/ragdoll-siona.de\/?attachment_id=454'><img loading=\"lazy\" decoding=\"async\" width=\"150\" height=\"150\" src=\"http:\/\/ragdoll-siona.de\/wp-content\/uploads\/2013\/06\/naadir-9-150x150.jpg\" class=\"attachment-thumbnail size-thumbnail\" alt=\"\" srcset=\"http:\/\/ragdoll-siona.de\/wp-content\/uploads\/2013\/06\/naadir-9-150x150.jpg 150w, http:\/\/ragdoll-siona.de\/wp-content\/uploads\/2013\/06\/naadir-9-432x432.jpg 432w, http:\/\/ragdoll-siona.de\/wp-content\/uploads\/2013\/06\/naadir-9-268x268.jpg 268w\" sizes=\"auto, (max-width: 150px) 100vw, 150px\" \/><\/a>\n\t\t\t<\/dt><\/dl><dl class='gallery-item'>\n\t\t\t<dt class='gallery-icon landscape'>\n\t\t\t\t<a href='http:\/\/ragdoll-siona.de\/?attachment_id=455'><img loading=\"lazy\" decoding=\"async\" width=\"150\" height=\"150\" src=\"http:\/\/ragdoll-siona.de\/wp-content\/uploads\/2013\/06\/naadir-10-150x150.jpg\" class=\"attachment-thumbnail size-thumbnail\" alt=\"\" srcset=\"http:\/\/ragdoll-siona.de\/wp-content\/uploads\/2013\/06\/naadir-10-150x150.jpg 150w, http:\/\/ragdoll-siona.de\/wp-content\/uploads\/2013\/06\/naadir-10-432x432.jpg 432w, http:\/\/ragdoll-siona.de\/wp-content\/uploads\/2013\/06\/naadir-10-268x268.jpg 268w\" sizes=\"auto, (max-width: 150px) 100vw, 150px\" \/><\/a>\n\t\t\t<\/dt><\/dl><dl class='gallery-item'>\n\t\t\t<dt class='gallery-icon portrait'>\n\t\t\t\t<a href='http:\/\/ragdoll-siona.de\/?attachment_id=500'><img loading=\"lazy\" decoding=\"async\" width=\"150\" height=\"150\" src=\"http:\/\/ragdoll-siona.de\/wp-content\/uploads\/2013\/06\/naadir-11-150x150.jpg\" class=\"attachment-thumbnail size-thumbnail\" alt=\"\" srcset=\"http:\/\/ragdoll-siona.de\/wp-content\/uploads\/2013\/06\/naadir-11-150x150.jpg 150w, http:\/\/ragdoll-siona.de\/wp-content\/uploads\/2013\/06\/naadir-11-432x432.jpg 432w, http:\/\/ragdoll-siona.de\/wp-content\/uploads\/2013\/06\/naadir-11-268x268.jpg 268w\" sizes=\"auto, (max-width: 150px) 100vw, 150px\" \/><\/a>\n\t\t\t<\/dt><\/dl><br style=\"clear: both\" \/><dl class='gallery-item'>\n\t\t\t<dt class='gallery-icon portrait'>\n\t\t\t\t<a href='http:\/\/ragdoll-siona.de\/?attachment_id=501'><img loading=\"lazy\" decoding=\"async\" width=\"150\" height=\"150\" src=\"http:\/\/ragdoll-siona.de\/wp-content\/uploads\/2013\/06\/naadir-13-150x150.jpg\" class=\"attachment-thumbnail size-thumbnail\" alt=\"\" srcset=\"http:\/\/ragdoll-siona.de\/wp-content\/uploads\/2013\/06\/naadir-13-150x150.jpg 150w, http:\/\/ragdoll-siona.de\/wp-content\/uploads\/2013\/06\/naadir-13-432x432.jpg 432w, http:\/\/ragdoll-siona.de\/wp-content\/uploads\/2013\/06\/naadir-13-268x268.jpg 268w\" sizes=\"auto, (max-width: 150px) 100vw, 150px\" \/><\/a>\n\t\t\t<\/dt><\/dl><dl class='gallery-item'>\n\t\t\t<dt class='gallery-icon landscape'>\n\t\t\t\t<a href='http:\/\/ragdoll-siona.de\/?attachment_id=502'><img loading=\"lazy\" decoding=\"async\" width=\"150\" height=\"150\" src=\"http:\/\/ragdoll-siona.de\/wp-content\/uploads\/2013\/06\/naadir-14-150x150.jpg\" class=\"attachment-thumbnail size-thumbnail\" alt=\"\" srcset=\"http:\/\/ragdoll-siona.de\/wp-content\/uploads\/2013\/06\/naadir-14-150x150.jpg 150w, http:\/\/ragdoll-siona.de\/wp-content\/uploads\/2013\/06\/naadir-14-432x432.jpg 432w, http:\/\/ragdoll-siona.de\/wp-content\/uploads\/2013\/06\/naadir-14-268x268.jpg 268w\" sizes=\"auto, (max-width: 150px) 100vw, 150px\" \/><\/a>\n\t\t\t<\/dt><\/dl><dl class='gallery-item'>\n\t\t\t<dt class='gallery-icon landscape'>\n\t\t\t\t<a href='http:\/\/ragdoll-siona.de\/?attachment_id=503'><img loading=\"lazy\" decoding=\"async\" width=\"150\" height=\"150\" src=\"http:\/\/ragdoll-siona.de\/wp-content\/uploads\/2013\/06\/naadir-16-150x150.jpg\" class=\"attachment-thumbnail size-thumbnail\" alt=\"\" srcset=\"http:\/\/ragdoll-siona.de\/wp-content\/uploads\/2013\/06\/naadir-16-150x150.jpg 150w, http:\/\/ragdoll-siona.de\/wp-content\/uploads\/2013\/06\/naadir-16-432x432.jpg 432w, http:\/\/ragdoll-siona.de\/wp-content\/uploads\/2013\/06\/naadir-16-268x268.jpg 268w\" sizes=\"auto, (max-width: 150px) 100vw, 150px\" \/><\/a>\n\t\t\t<\/dt><\/dl><dl class='gallery-item'>\n\t\t\t<dt class='gallery-icon landscape'>\n\t\t\t\t<a href='http:\/\/ragdoll-siona.de\/?attachment_id=504'><img loading=\"lazy\" decoding=\"async\" width=\"150\" height=\"150\" src=\"http:\/\/ragdoll-siona.de\/wp-content\/uploads\/2013\/06\/naadir-18-150x150.jpg\" class=\"attachment-thumbnail size-thumbnail\" alt=\"\" srcset=\"http:\/\/ragdoll-siona.de\/wp-content\/uploads\/2013\/06\/naadir-18-150x150.jpg 150w, http:\/\/ragdoll-siona.de\/wp-content\/uploads\/2013\/06\/naadir-18-432x432.jpg 432w, http:\/\/ragdoll-siona.de\/wp-content\/uploads\/2013\/06\/naadir-18-268x268.jpg 268w\" sizes=\"auto, (max-width: 150px) 100vw, 150px\" \/><\/a>\n\t\t\t<\/dt><\/dl><br style=\"clear: both\" \/><dl class='gallery-item'>\n\t\t\t<dt class='gallery-icon landscape'>\n\t\t\t\t<a href='http:\/\/ragdoll-siona.de\/?attachment_id=535'><img loading=\"lazy\" decoding=\"async\" width=\"150\" height=\"150\" src=\"http:\/\/ragdoll-siona.de\/wp-content\/uploads\/2013\/06\/naadir-21-150x150.jpg\" class=\"attachment-thumbnail size-thumbnail\" alt=\"\" \/><\/a>\n\t\t\t<\/dt><\/dl><dl class='gallery-item'>\n\t\t\t<dt class='gallery-icon portrait'>\n\t\t\t\t<a href='http:\/\/ragdoll-siona.de\/?attachment_id=536'><img loading=\"lazy\" decoding=\"async\" width=\"150\" height=\"150\" src=\"http:\/\/ragdoll-siona.de\/wp-content\/uploads\/2013\/06\/naadir-20-150x150.jpg\" class=\"attachment-thumbnail size-thumbnail\" alt=\"\" \/><\/a>\n\t\t\t<\/dt><\/dl><dl class='gallery-item'>\n\t\t\t<dt class='gallery-icon landscape'>\n\t\t\t\t<a href='http:\/\/ragdoll-siona.de\/?attachment_id=537'><img loading=\"lazy\" decoding=\"async\" width=\"150\" height=\"150\" src=\"http:\/\/ragdoll-siona.de\/wp-content\/uploads\/2013\/06\/naadir-19-150x150.jpg\" class=\"attachment-thumbnail size-thumbnail\" alt=\"\" \/><\/a>\n\t\t\t<\/dt><\/dl><dl class='gallery-item'>\n\t\t\t<dt class='gallery-icon portrait'>\n\t\t\t\t<a href='http:\/\/ragdoll-siona.de\/?attachment_id=631'><img loading=\"lazy\" decoding=\"async\" width=\"150\" height=\"150\" src=\"http:\/\/ragdoll-siona.de\/wp-content\/uploads\/2013\/06\/naadir-22-150x150.jpg\" class=\"attachment-thumbnail size-thumbnail\" alt=\"\" \/><\/a>\n\t\t\t<\/dt><\/dl><br style=\"clear: both\" \/><dl class='gallery-item'>\n\t\t\t<dt class='gallery-icon landscape'>\n\t\t\t\t<a href='http:\/\/ragdoll-siona.de\/?attachment_id=1022'><img loading=\"lazy\" decoding=\"async\" width=\"150\" height=\"150\" src=\"http:\/\/ragdoll-siona.de\/wp-content\/uploads\/2013\/06\/naadir-24-150x150.jpg\" class=\"attachment-thumbnail size-thumbnail\" alt=\"\" \/><\/a>\n\t\t\t<\/dt><\/dl><dl class='gallery-item'>\n\t\t\t<dt class='gallery-icon landscape'>\n\t\t\t\t<a href='http:\/\/ragdoll-siona.de\/?attachment_id=1021'><img loading=\"lazy\" decoding=\"async\" width=\"150\" height=\"150\" src=\"http:\/\/ragdoll-siona.de\/wp-content\/uploads\/2013\/06\/naadir-23-150x150.jpg\" class=\"attachment-thumbnail size-thumbnail\" alt=\"\" \/><\/a>\n\t\t\t<\/dt><\/dl><dl class='gallery-item'>\n\t\t\t<dt class='gallery-icon portrait'>\n\t\t\t\t<a href='http:\/\/ragdoll-siona.de\/?attachment_id=1026'><img loading=\"lazy\" decoding=\"async\" width=\"150\" height=\"150\" src=\"http:\/\/ragdoll-siona.de\/wp-content\/uploads\/2013\/06\/naadir-26-150x150.jpg\" class=\"attachment-thumbnail size-thumbnail\" alt=\"\" \/><\/a>\n\t\t\t<\/dt><\/dl><dl class='gallery-item'>\n\t\t\t<dt class='gallery-icon landscape'>\n\t\t\t\t<a href='http:\/\/ragdoll-siona.de\/?attachment_id=1027'><img loading=\"lazy\" decoding=\"async\" width=\"150\" height=\"150\" src=\"http:\/\/ragdoll-siona.de\/wp-content\/uploads\/2013\/06\/naadir-27-150x150.jpg\" class=\"attachment-thumbnail size-thumbnail\" alt=\"\" \/><\/a>\n\t\t\t<\/dt><\/dl><br style=\"clear: both\" \/><dl class='gallery-item'>\n\t\t\t<dt class='gallery-icon landscape'>\n\t\t\t\t<a href='http:\/\/ragdoll-siona.de\/?attachment_id=1028'><img loading=\"lazy\" decoding=\"async\" width=\"150\" height=\"150\" src=\"http:\/\/ragdoll-siona.de\/wp-content\/uploads\/2013\/06\/naadir-25-150x150.jpg\" class=\"attachment-thumbnail size-thumbnail\" alt=\"\" \/><\/a>\n\t\t\t<\/dt><\/dl><dl class='gallery-item'>\n\t\t\t<dt class='gallery-icon landscape'>\n\t\t\t\t<a href='http:\/\/ragdoll-siona.de\/?attachment_id=1043'><img loading=\"lazy\" decoding=\"async\" width=\"150\" height=\"150\" src=\"http:\/\/ragdoll-siona.de\/wp-content\/uploads\/2013\/06\/naadir-30-150x150.jpg\" class=\"attachment-thumbnail size-thumbnail\" alt=\"\" \/><\/a>\n\t\t\t<\/dt><\/dl><dl class='gallery-item'>\n\t\t\t<dt class='gallery-icon landscape'>\n\t\t\t\t<a href='http:\/\/ragdoll-siona.de\/?attachment_id=1044'><img loading=\"lazy\" decoding=\"async\" width=\"150\" height=\"150\" src=\"http:\/\/ragdoll-siona.de\/wp-content\/uploads\/2013\/06\/naadir-29-150x150.jpg\" class=\"attachment-thumbnail size-thumbnail\" alt=\"\" \/><\/a>\n\t\t\t<\/dt><\/dl><dl class='gallery-item'>\n\t\t\t<dt class='gallery-icon portrait'>\n\t\t\t\t<a href='http:\/\/ragdoll-siona.de\/?attachment_id=1045'><img loading=\"lazy\" decoding=\"async\" width=\"150\" height=\"150\" src=\"http:\/\/ragdoll-siona.de\/wp-content\/uploads\/2013\/06\/naadir-28-150x150.jpg\" class=\"attachment-thumbnail size-thumbnail\" alt=\"\" \/><\/a>\n\t\t\t<\/dt><\/dl><br style=\"clear: both\" \/>\n\t\t<\/div>\n\n<p style=\"text-align: center;\">\u00a0Blutgruppe A<br \/>\nLeukose negativ &#8211; per Bluttest<br \/>\nHCM Gentest N\/N<br \/>\ntraditionell<\/p>\n<address style=\"text-align: center;\">Vielen lieben Dank Silke und Detlef :-)<\/address>\n","protected":false},"excerpt":{"rendered":"<p>\u00a0 vom Paradiesquell geb. am 14.02.2013 blue-bicolour (true) Bei der ersten Ver\u00f6ffentlichung vom Wurf war ich schockiert, da stand doch tats\u00e4chlich neben seinem Namen &#8218;reserviert&#8216;, konnte doch gar nicht sein, denn er war doch f\u00fcr mich bestimmt! Wie recht ich mit dieser Aussage hatte &#8230;. ;-) Wir sind froh, dass sich die Gegebenheiten ge\u00e4ndert haben [&hellip;]<\/p>\n","protected":false},"author":1,"featured_media":0,"parent":66,"menu_order":3,"comment_status":"closed","ping_status":"closed","template":"","meta":{"footnotes":""},"class_list":["post-412","page","type-page","status-publish","hentry"],"_links":{"self":[{"href":"http:\/\/ragdoll-siona.de\/index.php?rest_route=\/wp\/v2\/pages\/412","targetHints":{"allow":["GET"]}}],"collection":[{"href":"http:\/\/ragdoll-siona.de\/index.php?rest_route=\/wp\/v2\/pages"}],"about":[{"href":"http:\/\/ragdoll-siona.de\/index.php?rest_route=\/wp\/v2\/types\/page"}],"author":[{"embeddable":true,"href":"http:\/\/ragdoll-siona.de\/index.php?rest_route=\/wp\/v2\/users\/1"}],"replies":[{"embeddable":true,"href":"http:\/\/ragdoll-siona.de\/index.php?rest_route=%2Fwp%2Fv2%2Fcomments&post=412"}],"version-history":[{"count":25,"href":"http:\/\/ragdoll-siona.de\/index.php?rest_route=\/wp\/v2\/pages\/412\/revisions"}],"predecessor-version":[{"id":1290,"href":"http:\/\/ragdoll-siona.de\/index.php?rest_route=\/wp\/v2\/pages\/412\/revisions\/1290"}],"up":[{"embeddable":true,"href":"http:\/\/ragdoll-siona.de\/index.php?rest_route=\/wp\/v2\/pages\/66"}],"wp:attachment":[{"href":"http:\/\/ragdoll-siona.de\/index.php?rest_route=%2Fwp%2Fv2%2Fmedia&parent=412"}],"curies":[{"name":"wp","href":"https:\/\/api.w.org\/{rel}","templated":true}]}}