{"id":31,"date":"2013-02-23T20:06:25","date_gmt":"2013-02-23T19:06:25","guid":{"rendered":"http:\/\/ragdoll-siona.de\/?page_id=31"},"modified":"2020-01-28T22:31:52","modified_gmt":"2020-01-28T21:31:52","slug":"lenny","status":"publish","type":"page","link":"http:\/\/ragdoll-siona.de\/?page_id=31","title":{"rendered":"Lenny"},"content":{"rendered":"<p style=\"text-align: center;\"><a href=\"http:\/\/ragdoll-siona.de\/wp-content\/uploads\/2020\/01\/lenny.jpg\"><img loading=\"lazy\" decoding=\"async\" class=\"alignnone size-full wp-image-1285\" src=\"http:\/\/ragdoll-siona.de\/wp-content\/uploads\/2020\/01\/lenny.jpg\" alt=\"\" width=\"900\" height=\"601\" srcset=\"http:\/\/ragdoll-siona.de\/wp-content\/uploads\/2020\/01\/lenny.jpg 900w, http:\/\/ragdoll-siona.de\/wp-content\/uploads\/2020\/01\/lenny-300x200.jpg 300w, http:\/\/ragdoll-siona.de\/wp-content\/uploads\/2020\/01\/lenny-768x513.jpg 768w, http:\/\/ragdoll-siona.de\/wp-content\/uploads\/2020\/01\/lenny-624x417.jpg 624w\" sizes=\"auto, (max-width: 900px) 100vw, 900px\" \/><\/a><\/p>\n<p style=\"text-align: center;\">Jingle Bell&#8217;s<\/p>\n<p style=\"text-align: center;\"><a href=\"http:\/\/ragdoll-siona.de\/wp-content\/uploads\/2013\/02\/blau-s-ragdoll.gif\"><img loading=\"lazy\" decoding=\"async\" class=\"alignnone size-full wp-image-104\" src=\"http:\/\/ragdoll-siona.de\/wp-content\/uploads\/2013\/02\/blau-s-ragdoll.gif\" alt=\"blau-s-ragdoll\" width=\"43\" height=\"50\" \/><\/a><a href=\"http:\/\/ragdoll-siona.de\/wp-content\/uploads\/2013\/02\/blau-i-ragdoll.gif\"><img loading=\"lazy\" decoding=\"async\" class=\"alignnone size-full wp-image-105\" src=\"http:\/\/ragdoll-siona.de\/wp-content\/uploads\/2013\/02\/blau-i-ragdoll.gif\" alt=\"blau-i-ragdoll\" width=\"43\" height=\"50\" \/><\/a><a href=\"http:\/\/ragdoll-siona.de\/wp-content\/uploads\/2013\/02\/blau-r-ragdoll.gif\"><img loading=\"lazy\" decoding=\"async\" class=\"alignnone size-full wp-image-137\" src=\"http:\/\/ragdoll-siona.de\/wp-content\/uploads\/2013\/02\/blau-r-ragdoll.gif\" alt=\"blau-r-ragdoll\" width=\"43\" height=\"50\" \/><\/a> \u00a0\u00a0 <a href=\"http:\/\/ragdoll-siona.de\/wp-content\/uploads\/2013\/02\/blau-l-ragdoll.gif\"><img loading=\"lazy\" decoding=\"async\" class=\"alignnone size-full wp-image-102\" src=\"http:\/\/ragdoll-siona.de\/wp-content\/uploads\/2013\/02\/blau-l-ragdoll.gif\" alt=\"blau-l-ragdoll\" width=\"43\" height=\"50\" \/><\/a><a href=\"http:\/\/ragdoll-siona.de\/wp-content\/uploads\/2013\/02\/blau-e-ragdoll.gif\"><img loading=\"lazy\" decoding=\"async\" class=\"alignnone size-full wp-image-103\" src=\"http:\/\/ragdoll-siona.de\/wp-content\/uploads\/2013\/02\/blau-e-ragdoll.gif\" alt=\"blau-e-ragdoll\" width=\"43\" height=\"50\" \/><\/a><a href=\"http:\/\/ragdoll-siona.de\/wp-content\/uploads\/2013\/02\/blau-n-ragdoll.gif\"><img loading=\"lazy\" decoding=\"async\" class=\"alignnone size-full wp-image-118\" src=\"http:\/\/ragdoll-siona.de\/wp-content\/uploads\/2013\/02\/blau-n-ragdoll.gif\" alt=\"blau-n-ragdoll\" width=\"43\" height=\"50\" \/><\/a><a href=\"http:\/\/ragdoll-siona.de\/wp-content\/uploads\/2013\/02\/blau-n-ragdoll.gif\"><img loading=\"lazy\" decoding=\"async\" class=\"alignnone size-full wp-image-118\" src=\"http:\/\/ragdoll-siona.de\/wp-content\/uploads\/2013\/02\/blau-n-ragdoll.gif\" alt=\"blau-n-ragdoll\" width=\"43\" height=\"50\" \/><\/a><a href=\"http:\/\/ragdoll-siona.de\/wp-content\/uploads\/2013\/02\/blau-o-ragdoll.gif\"><img loading=\"lazy\" decoding=\"async\" class=\"alignnone size-full wp-image-138\" src=\"http:\/\/ragdoll-siona.de\/wp-content\/uploads\/2013\/02\/blau-o-ragdoll.gif\" alt=\"blau-o-ragdoll\" width=\"43\" height=\"50\" \/><\/a><a href=\"http:\/\/ragdoll-siona.de\/wp-content\/uploads\/2013\/02\/blau-x-ragdoll.gif\"><img loading=\"lazy\" decoding=\"async\" class=\"alignnone size-full wp-image-139\" src=\"http:\/\/ragdoll-siona.de\/wp-content\/uploads\/2013\/02\/blau-x-ragdoll.gif\" alt=\"blau-x-ragdoll\" width=\"43\" height=\"50\" \/><\/a><\/p>\n<p style=\"text-align: center;\">seal-mitted<br \/>\n14. September 2003 &#8211; 27. Januar 2020<\/p>\n<p style=\"text-align: center;\">Unser B\u00e4rchen ist nach langer Krankheit \u00fcber die Regenbogenbr\u00fccke gegangen.<br \/>\nMit ihm ist eine \u00c4ra zuende gegangen. Unsere Herzen sind schwer.<\/p>\n<p align=\"center\">\n","protected":false},"excerpt":{"rendered":"<p>Jingle Bell&#8217;s \u00a0\u00a0 seal-mitted 14. September 2003 &#8211; 27. Januar 2020 Unser B\u00e4rchen ist nach langer Krankheit \u00fcber die Regenbogenbr\u00fccke gegangen. Mit ihm ist eine \u00c4ra zuende gegangen. Unsere Herzen sind schwer.<\/p>\n","protected":false},"author":1,"featured_media":0,"parent":427,"menu_order":3,"comment_status":"closed","ping_status":"closed","template":"","meta":{"footnotes":""},"class_list":["post-31","page","type-page","status-publish","hentry"],"_links":{"self":[{"href":"http:\/\/ragdoll-siona.de\/index.php?rest_route=\/wp\/v2\/pages\/31","targetHints":{"allow":["GET"]}}],"collection":[{"href":"http:\/\/ragdoll-siona.de\/index.php?rest_route=\/wp\/v2\/pages"}],"about":[{"href":"http:\/\/ragdoll-siona.de\/index.php?rest_route=\/wp\/v2\/types\/page"}],"author":[{"embeddable":true,"href":"http:\/\/ragdoll-siona.de\/index.php?rest_route=\/wp\/v2\/users\/1"}],"replies":[{"embeddable":true,"href":"http:\/\/ragdoll-siona.de\/index.php?rest_route=%2Fwp%2Fv2%2Fcomments&post=31"}],"version-history":[{"count":14,"href":"http:\/\/ragdoll-siona.de\/index.php?rest_route=\/wp\/v2\/pages\/31\/revisions"}],"predecessor-version":[{"id":1287,"href":"http:\/\/ragdoll-siona.de\/index.php?rest_route=\/wp\/v2\/pages\/31\/revisions\/1287"}],"up":[{"embeddable":true,"href":"http:\/\/ragdoll-siona.de\/index.php?rest_route=\/wp\/v2\/pages\/427"}],"wp:attachment":[{"href":"http:\/\/ragdoll-siona.de\/index.php?rest_route=%2Fwp%2Fv2%2Fmedia&parent=31"}],"curies":[{"name":"wp","href":"https:\/\/api.w.org\/{rel}","templated":true}]}}