{"id":29,"date":"2013-02-23T20:06:11","date_gmt":"2013-02-23T19:06:11","guid":{"rendered":"http:\/\/ragdoll-siona.de\/?page_id=29"},"modified":"2013-11-07T11:57:12","modified_gmt":"2013-11-07T10:57:12","slug":"lissy","status":"publish","type":"page","link":"http:\/\/ragdoll-siona.de\/?page_id=29","title":{"rendered":"Lissy"},"content":{"rendered":"<p style=\"text-align: center;\"><a href=\"http:\/\/ragdoll-siona.de\/wp-content\/uploads\/2013\/02\/lissy-35-2.jpg\"><img loading=\"lazy\" decoding=\"async\" class=\"alignnone size-full wp-image-425\" alt=\"lissy-35-2\" src=\"http:\/\/ragdoll-siona.de\/wp-content\/uploads\/2013\/02\/lissy-35-2.jpg\" width=\"700\" height=\"466\" srcset=\"http:\/\/ragdoll-siona.de\/wp-content\/uploads\/2013\/02\/lissy-35-2.jpg 700w, http:\/\/ragdoll-siona.de\/wp-content\/uploads\/2013\/02\/lissy-35-2-300x199.jpg 300w, http:\/\/ragdoll-siona.de\/wp-content\/uploads\/2013\/02\/lissy-35-2-332x221.jpg 332w\" sizes=\"auto, (max-width: 700px) 100vw, 700px\" \/><\/a><\/p>\n<p style=\"text-align: center;\">\n<p style=\"text-align: center;\">\n<p style=\"text-align: center;\">\n<p style=\"text-align: center;\">\n<p style=\"text-align: center;\">\n<p style=\"text-align: center;\"><a href=\"http:\/\/ragdoll-siona.de\/wp-content\/uploads\/2013\/02\/blau-a-ragdoll.gif\"><img loading=\"lazy\" decoding=\"async\" class=\"alignnone size-full wp-image-101\" alt=\"blau-a-ragdoll\" src=\"http:\/\/ragdoll-siona.de\/wp-content\/uploads\/2013\/02\/blau-a-ragdoll.gif\" width=\"43\" height=\"50\" \/><\/a><a href=\"http:\/\/ragdoll-siona.de\/wp-content\/uploads\/2013\/02\/blau-l-ragdoll.gif\"><img loading=\"lazy\" decoding=\"async\" class=\"alignnone size-full wp-image-102\" alt=\"blau-l-ragdoll\" src=\"http:\/\/ragdoll-siona.de\/wp-content\/uploads\/2013\/02\/blau-l-ragdoll.gif\" width=\"43\" height=\"50\" \/><\/a><a href=\"http:\/\/ragdoll-siona.de\/wp-content\/uploads\/2013\/02\/blau-l-ragdoll.gif\"><img loading=\"lazy\" decoding=\"async\" class=\"alignnone size-full wp-image-102\" alt=\"blau-l-ragdoll\" src=\"http:\/\/ragdoll-siona.de\/wp-content\/uploads\/2013\/02\/blau-l-ragdoll.gif\" width=\"43\" height=\"50\" \/><\/a><a href=\"http:\/\/ragdoll-siona.de\/wp-content\/uploads\/2013\/02\/blau-e-ragdoll.gif\"><img loading=\"lazy\" decoding=\"async\" class=\"alignnone size-full wp-image-103\" alt=\"blau-e-ragdoll\" src=\"http:\/\/ragdoll-siona.de\/wp-content\/uploads\/2013\/02\/blau-e-ragdoll.gif\" width=\"43\" height=\"50\" \/><\/a><a href=\"http:\/\/ragdoll-siona.de\/wp-content\/uploads\/2013\/02\/blau-s-ragdoll.gif\"><img loading=\"lazy\" decoding=\"async\" class=\"alignnone size-full wp-image-104\" alt=\"blau-s-ragdoll\" src=\"http:\/\/ragdoll-siona.de\/wp-content\/uploads\/2013\/02\/blau-s-ragdoll.gif\" width=\"43\" height=\"50\" \/><\/a><a href=\"http:\/\/ragdoll-siona.de\/wp-content\/uploads\/2013\/02\/blau-s-ragdoll.gif\"><img loading=\"lazy\" decoding=\"async\" class=\"alignnone size-full wp-image-104\" alt=\"blau-s-ragdoll\" src=\"http:\/\/ragdoll-siona.de\/wp-content\/uploads\/2013\/02\/blau-s-ragdoll.gif\" width=\"43\" height=\"50\" \/><\/a><a href=\"http:\/\/ragdoll-siona.de\/wp-content\/uploads\/2013\/02\/blau-i-ragdoll.gif\"><img loading=\"lazy\" decoding=\"async\" class=\"alignnone size-full wp-image-105\" alt=\"blau-i-ragdoll\" src=\"http:\/\/ragdoll-siona.de\/wp-content\/uploads\/2013\/02\/blau-i-ragdoll.gif\" width=\"43\" height=\"50\" \/><\/a><a href=\"http:\/\/ragdoll-siona.de\/wp-content\/uploads\/2013\/02\/blau-a-ragdoll.gif\"><img loading=\"lazy\" decoding=\"async\" class=\"alignnone size-full wp-image-101\" alt=\"blau-a-ragdoll\" src=\"http:\/\/ragdoll-siona.de\/wp-content\/uploads\/2013\/02\/blau-a-ragdoll.gif\" width=\"43\" height=\"50\" \/><\/a><\/p>\n<p style=\"text-align: center;\">blue-colourpoint<br \/>\n28. Mai 2003 &#8211; 03. Juni 2013<\/p>\n<p style=\"text-align: center;\">Wir werden dich nie vergessen s\u00fc\u00dfe Maus.<br \/>\nDanke f\u00fcr Alles.<\/p>\n<p>&nbsp;<\/p>\n<p>&nbsp;<\/p>\n<p>&nbsp;<\/p>\n<p>&nbsp;<\/p>\n","protected":false},"excerpt":{"rendered":"<p>blue-colourpoint 28. Mai 2003 &#8211; 03. Juni 2013 Wir werden dich nie vergessen s\u00fc\u00dfe Maus. Danke f\u00fcr Alles. &nbsp; &nbsp; &nbsp; &nbsp;<\/p>\n","protected":false},"author":1,"featured_media":0,"parent":427,"menu_order":1,"comment_status":"closed","ping_status":"closed","template":"","meta":{"footnotes":""},"class_list":["post-29","page","type-page","status-publish","hentry"],"_links":{"self":[{"href":"http:\/\/ragdoll-siona.de\/index.php?rest_route=\/wp\/v2\/pages\/29","targetHints":{"allow":["GET"]}}],"collection":[{"href":"http:\/\/ragdoll-siona.de\/index.php?rest_route=\/wp\/v2\/pages"}],"about":[{"href":"http:\/\/ragdoll-siona.de\/index.php?rest_route=\/wp\/v2\/types\/page"}],"author":[{"embeddable":true,"href":"http:\/\/ragdoll-siona.de\/index.php?rest_route=\/wp\/v2\/users\/1"}],"replies":[{"embeddable":true,"href":"http:\/\/ragdoll-siona.de\/index.php?rest_route=%2Fwp%2Fv2%2Fcomments&post=29"}],"version-history":[{"count":16,"href":"http:\/\/ragdoll-siona.de\/index.php?rest_route=\/wp\/v2\/pages\/29\/revisions"}],"predecessor-version":[{"id":532,"href":"http:\/\/ragdoll-siona.de\/index.php?rest_route=\/wp\/v2\/pages\/29\/revisions\/532"}],"up":[{"embeddable":true,"href":"http:\/\/ragdoll-siona.de\/index.php?rest_route=\/wp\/v2\/pages\/427"}],"wp:attachment":[{"href":"http:\/\/ragdoll-siona.de\/index.php?rest_route=%2Fwp%2Fv2%2Fmedia&parent=29"}],"curies":[{"name":"wp","href":"https:\/\/api.w.org\/{rel}","templated":true}]}}